{"id":2441,"date":"2023-01-25T11:54:45","date_gmt":"2023-01-25T11:54:45","guid":{"rendered":"https:\/\/splaboratorija.rs\/ponude\/kozmetika\/mikrobioloski-i-challenge-testovi\/"},"modified":"2023-03-14T09:50:39","modified_gmt":"2023-03-14T09:50:39","slug":"mikrobioloski-i-challenge-testovi","status":"publish","type":"page","link":"https:\/\/splaboratorija.rs\/en\/ponude\/kozmetika\/mikrobioloski-i-challenge-testovi\/","title":{"rendered":"Mikrobiolo\u0161ki i challenge testovi"},"content":{"rendered":"\t\t<div data-elementor-type=\"wp-page\" data-elementor-id=\"2441\" class=\"elementor elementor-2441 elementor-946\">\n\t\t\t\t\t\t\t<div data-particle_enable=\"false\" data-particle-mobile-disabled=\"false\" class=\"elementor-element elementor-element-f341db0 e-con-boxed e-con\" data-id=\"f341db0\" data-element_type=\"container\" data-settings=\"{&quot;jet_parallax_layout_list&quot;:[],&quot;content_width&quot;:&quot;boxed&quot;}\">\n\t\t\t\t\t<div class=\"e-con-inner\">\n\t\t\t\t<div class=\"elementor-element elementor-element-bdf509a elementor-widget elementor-widget-text-editor\" data-id=\"bdf509a\" data-element_type=\"widget\" data-widget_type=\"text-editor.default\">\n\t\t\t\t<div class=\"elementor-widget-container\">\n\t\t\t<style>\/*! elementor - v3.12.2 - 23-04-2023 *\/\n.elementor-widget-text-editor.elementor-drop-cap-view-stacked .elementor-drop-cap{background-color:#69727d;color:#fff}.elementor-widget-text-editor.elementor-drop-cap-view-framed .elementor-drop-cap{color:#69727d;border:3px solid;background-color:transparent}.elementor-widget-text-editor:not(.elementor-drop-cap-view-default) .elementor-drop-cap{margin-top:8px}.elementor-widget-text-editor:not(.elementor-drop-cap-view-default) .elementor-drop-cap-letter{width:1em;height:1em}.elementor-widget-text-editor .elementor-drop-cap{float:left;text-align:center;line-height:1;font-size:50px}.elementor-widget-text-editor .elementor-drop-cap-letter{display:inline-block}<\/style>\t\t\t\t<p>Mikrobiolo\u0161ka \u010disto\u0107a kozmeti\u010dkih i\u00a0 proizvoda za li\u010dnu higijenu ima klju\u010dnu ulogu u utvr\u0111ivanju njihove bezbednosti. Mikrobiolo\u0161ke analize poma\u017eu da se rizik od potencijalne \u0161tete svede na minimum. Proizvo\u0111a\u010di zato treba da \u00a0zadr\u017ee mikrobiolo\u0161ki kvalitet proizvoda jer se sve vi\u0161e insistira na razvoju bezbednih, efikasnih i uskla\u0111enih proizvoda koji zadovoljavaju zahteve i zakonodavstva i potro\u0161a\u010da.<\/p><p>Korisnicima nudimo ispitivanje mikrobiolo\u0161ke \u010disto\u0107e sirovina za kozmeti\u010dke proizvode i\u00a0 gotove proizvode prema EN ISO 17516.<\/p><ul><li>EN ISO 21149 \/ Ukupni aerobnI mezofilni mikroorganizmi<\/li><li>EN ISO 18416 \/ Candida albicans<\/li><li>EN ISO 22718 \/ Staphylococcus aureus<\/li><li>EN ISO 22717 \/ Pseudomonas aeruginosa<\/li><li>EN ISO 21150 \/ Escherichia coli<\/li><li>EN ISO 16212 \/ Kvasci i plesni<\/li><\/ul><p>Challenge test \u2013 Procena efikasnosti i kvaliteta o\u010duvanja kozmeti\u010dkog proizvoda \u2013 garantuje da \u0107e konzervansi \u010duvati i spre\u010diti kvarenje kozmeti\u010dkog proizvoda tokom normalnog i razumno predvi\u0111enog kori\u0161\u0107enja. Sposobnost konzervansa da \u0161titi od rasta mikroorganizama i degradacije mora se utvrditi kroz mikrobiolo\u0161ke challenge testove na Pseudomonas aeruginosa, Staphylococcus aureus, Candida albicans, Aspergillus brasiliensis i drugo.<\/p><p>Challenge testovi uklju\u010duju procenu antimikrobne efikasnosti konzervansa u skladu sa slede\u0107im normama:<\/p><ul><li>Me\u0111unarodna norma ISO 11930<\/li><li>Evropska farmakopeja (EP), Poglavlja 5.1.3<\/li><li>Sch\u00fclke KoKo Test<\/li><\/ul><p>Challenge testovi se vr\u0161e u fazama proizvodnje kako bi se osigurala mikrobiolo\u0161ka stabilnost i o\u010duvanje tokom \u00a0skladi\u0161tenja i kori\u0161\u0107enja:<\/p><ul><li>U postupku razvoja proizvoda (kako bi se odabrao odgovaraju\u0107i konzervans)<\/li><li>U toku proizvodnje (kako bi se utvrdilo ima li tehnolo\u0161ki postupak proizvodnje negativan uticaj na konzervanse i njihovu efikasnost)<\/li><li>Kako bi se za\u0161titio proizvod u postupku proizvodnje ili tokom upotrebe<\/li><li>Kako bi se procenio uticaj okoline koji mo\u017ee biti mikrobiolo\u0161ki \u0161tetan<\/li><\/ul>\t\t\t\t\t\t<\/div>\n\t\t\t\t<\/div>\n\t\t\t\t\t<\/div>\n\t\t\t\t<\/div>\n\t\t\t\t\t\t\t<\/div>\n\t\t","protected":false},"excerpt":{"rendered":"<p>Mikrobiolo\u0161ka \u010disto\u0107a kozmeti\u010dkih i\u00a0 proizvoda za li\u010dnu higijenu ima klju\u010dnu ulogu u utvr\u0111ivanju njihove bezbednosti. Mikrobiolo\u0161ke analize poma\u017eu da se rizik od potencijalne \u0161tete svede na minimum. Proizvo\u0111a\u010di zato treba da \u00a0zadr\u017ee mikrobiolo\u0161ki kvalitet proizvoda jer se sve vi\u0161e insistira na razvoju bezbednih, efikasnih i uskla\u0111enih proizvoda koji zadovoljavaju zahteve i zakonodavstva i potro\u0161a\u010da. Korisnicima [&hellip;]<\/p>\n","protected":false},"author":1,"featured_media":0,"parent":2327,"menu_order":2,"comment_status":"closed","ping_status":"closed","template":"","meta":{"footnotes":""},"class_list":["post-2441","page","type-page","status-publish","hentry"],"_links":{"self":[{"href":"https:\/\/splaboratorija.rs\/en\/wp-json\/wp\/v2\/pages\/2441","targetHints":{"allow":["GET"]}}],"collection":[{"href":"https:\/\/splaboratorija.rs\/en\/wp-json\/wp\/v2\/pages"}],"about":[{"href":"https:\/\/splaboratorija.rs\/en\/wp-json\/wp\/v2\/types\/page"}],"author":[{"embeddable":true,"href":"https:\/\/splaboratorija.rs\/en\/wp-json\/wp\/v2\/users\/1"}],"replies":[{"embeddable":true,"href":"https:\/\/splaboratorija.rs\/en\/wp-json\/wp\/v2\/comments?post=2441"}],"version-history":[{"count":7,"href":"https:\/\/splaboratorija.rs\/en\/wp-json\/wp\/v2\/pages\/2441\/revisions"}],"predecessor-version":[{"id":2827,"href":"https:\/\/splaboratorija.rs\/en\/wp-json\/wp\/v2\/pages\/2441\/revisions\/2827"}],"up":[{"embeddable":true,"href":"https:\/\/splaboratorija.rs\/en\/wp-json\/wp\/v2\/pages\/2327"}],"wp:attachment":[{"href":"https:\/\/splaboratorija.rs\/en\/wp-json\/wp\/v2\/media?parent=2441"}],"curies":[{"name":"wp","href":"https:\/\/api.w.org\/{rel}","templated":true}]}}